{"id":25603,"date":"2025-10-10T11:54:45","date_gmt":"2025-10-10T09:54:45","guid":{"rendered":"https:\/\/www.proman.at\/?page_id=25603"},"modified":"2025-12-03T16:59:03","modified_gmt":"2025-12-03T14:59:03","slug":"proman-meeting-cloud-funktionen-die-ihren-baustellenalltag-einfacher-machen","status":"publish","type":"page","link":"https:\/\/www.proman.at\/en\/proman-meeting-cloud-funktionen-die-ihren-baustellenalltag-einfacher-machen\/","title":{"rendered":"PROMAN Meeting \u2013 Cloud: Funktionen, die Ihren Baustellenalltag einfacher machen"},"content":{"rendered":"","protected":false},"excerpt":{"rendered":"","protected":false},"author":1,"featured_media":0,"parent":0,"menu_order":0,"comment_status":"closed","ping_status":"closed","template":"","meta":{"_acf_changed":false,"footnotes":""},"class_list":["post-25603","page","type-page","status-publish","hentry"],"acf":[],"yoast_head":"<!-- This site is optimized with the Yoast SEO Premium plugin v27.4 (Yoast SEO v27.4) - https:\/\/yoast.com\/product\/yoast-seo-premium-wordpress\/ -->\n<title>PROMAN Meeting \u2013 Cloud: Funktionen, die Ihren Baustellenalltag einfacher machen - PROMAN Software GmbH - Software f\u00fcr Projektmanagement<\/title>\n<meta name=\"description\" content=\"Hier die SEO-Daten f\u00fcr Yoast f\u00fcr beide Sprachversionen:\ud83c\udde9\ud83c\uddea Deutsche VersionSEO Title (max. 60 Zeichen)\" \/>\n<meta name=\"robots\" content=\"index, follow, max-snippet:-1, max-image-preview:large, max-video-preview:-1\" \/>\n<link rel=\"canonical\" href=\"https:\/\/www.proman.at\/en\/proman-meeting-cloud-funktionen-die-ihren-baustellenalltag-einfacher-machen\/\" \/>\n<meta property=\"og:locale\" content=\"en_US\" \/>\n<meta property=\"og:type\" content=\"article\" \/>\n<meta property=\"og:title\" content=\"PROMAN Meeting \u2013 Cloud: Funktionen, die Ihren Baustellenalltag einfacher machen\" \/>\n<meta property=\"og:description\" content=\"Hier die SEO-Daten f\u00fcr Yoast f\u00fcr beide Sprachversionen:\ud83c\udde9\ud83c\uddea Deutsche VersionSEO Title (max. 60 Zeichen)\" \/>\n<meta property=\"og:url\" content=\"https:\/\/www.proman.at\/en\/proman-meeting-cloud-funktionen-die-ihren-baustellenalltag-einfacher-machen\/\" \/>\n<meta property=\"og:site_name\" content=\"PROMAN Software GmbH - Software f\u00fcr Projektmanagement\" \/>\n<meta property=\"article:modified_time\" content=\"2025-12-03T14:59:03+00:00\" \/>\n<meta name=\"twitter:card\" content=\"summary_large_image\" \/>\n<script type=\"application\/ld+json\" class=\"yoast-schema-graph\">{\"@context\":\"https:\\\/\\\/schema.org\",\"@graph\":[{\"@type\":\"WebPage\",\"@id\":\"https:\\\/\\\/www.proman.at\\\/en\\\/proman-meeting-cloud-funktionen-die-ihren-baustellenalltag-einfacher-machen\\\/\",\"url\":\"https:\\\/\\\/www.proman.at\\\/en\\\/proman-meeting-cloud-funktionen-die-ihren-baustellenalltag-einfacher-machen\\\/\",\"name\":\"PROMAN Meeting \u2013 Cloud: Funktionen, die Ihren Baustellenalltag einfacher machen - PROMAN Software GmbH - Software f\u00fcr Projektmanagement\",\"isPartOf\":{\"@id\":\"https:\\\/\\\/www.proman.at\\\/en\\\/#website\"},\"datePublished\":\"2025-10-10T09:54:45+00:00\",\"dateModified\":\"2025-12-03T14:59:03+00:00\",\"description\":\"Hier die SEO-Daten f\u00fcr Yoast f\u00fcr beide Sprachversionen:\ud83c\udde9\ud83c\uddea Deutsche VersionSEO Title (max. 60 Zeichen)\",\"breadcrumb\":{\"@id\":\"https:\\\/\\\/www.proman.at\\\/en\\\/proman-meeting-cloud-funktionen-die-ihren-baustellenalltag-einfacher-machen\\\/#breadcrumb\"},\"inLanguage\":\"en-US\",\"potentialAction\":[{\"@type\":\"ReadAction\",\"target\":[\"https:\\\/\\\/www.proman.at\\\/en\\\/proman-meeting-cloud-funktionen-die-ihren-baustellenalltag-einfacher-machen\\\/\"]}]},{\"@type\":\"BreadcrumbList\",\"@id\":\"https:\\\/\\\/www.proman.at\\\/en\\\/proman-meeting-cloud-funktionen-die-ihren-baustellenalltag-einfacher-machen\\\/#breadcrumb\",\"itemListElement\":[{\"@type\":\"ListItem\",\"position\":1,\"name\":\"Home\",\"item\":\"https:\\\/\\\/www.proman.at\\\/en\\\/\"},{\"@type\":\"ListItem\",\"position\":2,\"name\":\"PROMAN Meeting \u2013 Cloud: Funktionen, die Ihren Baustellenalltag einfacher machen\"}]},{\"@type\":\"WebSite\",\"@id\":\"https:\\\/\\\/www.proman.at\\\/en\\\/#website\",\"url\":\"https:\\\/\\\/www.proman.at\\\/en\\\/\",\"name\":\"PROMAN Software GmbH - Software f\u00fcr Projektmanagement\",\"description\":\"\",\"publisher\":{\"@id\":\"https:\\\/\\\/www.proman.at\\\/en\\\/#organization\"},\"potentialAction\":[{\"@type\":\"SearchAction\",\"target\":{\"@type\":\"EntryPoint\",\"urlTemplate\":\"https:\\\/\\\/www.proman.at\\\/en\\\/?s={search_term_string}\"},\"query-input\":{\"@type\":\"PropertyValueSpecification\",\"valueRequired\":true,\"valueName\":\"search_term_string\"}}],\"inLanguage\":\"en-US\"},{\"@type\":\"Organization\",\"@id\":\"https:\\\/\\\/www.proman.at\\\/en\\\/#organization\",\"name\":\"PROMAN Software GmbH - Software f\u00fcr Projektmanagement\",\"url\":\"https:\\\/\\\/www.proman.at\\\/en\\\/\",\"logo\":{\"@type\":\"ImageObject\",\"inLanguage\":\"en-US\",\"@id\":\"https:\\\/\\\/www.proman.at\\\/en\\\/#\\\/schema\\\/logo\\\/image\\\/\",\"url\":\"https:\\\/\\\/www.proman.at\\\/wp-content\\\/uploads\\\/2023\\\/02\\\/logo.png\",\"contentUrl\":\"https:\\\/\\\/www.proman.at\\\/wp-content\\\/uploads\\\/2023\\\/02\\\/logo.png\",\"width\":245,\"height\":226,\"caption\":\"PROMAN Software GmbH - Software f\u00fcr Projektmanagement\"},\"image\":{\"@id\":\"https:\\\/\\\/www.proman.at\\\/en\\\/#\\\/schema\\\/logo\\\/image\\\/\"}}]}<\/script>\n<!-- \/ Yoast SEO Premium plugin. -->","yoast_head_json":{"title":"PROMAN Meeting \u2013 Cloud: Funktionen, die Ihren Baustellenalltag einfacher machen - PROMAN Software GmbH - Software f\u00fcr Projektmanagement","description":"Hier die SEO-Daten f\u00fcr Yoast f\u00fcr beide Sprachversionen:\ud83c\udde9\ud83c\uddea Deutsche VersionSEO Title (max. 60 Zeichen)","robots":{"index":"index","follow":"follow","max-snippet":"max-snippet:-1","max-image-preview":"max-image-preview:large","max-video-preview":"max-video-preview:-1"},"canonical":"https:\/\/www.proman.at\/en\/proman-meeting-cloud-funktionen-die-ihren-baustellenalltag-einfacher-machen\/","og_locale":"en_US","og_type":"article","og_title":"PROMAN Meeting \u2013 Cloud: Funktionen, die Ihren Baustellenalltag einfacher machen","og_description":"Hier die SEO-Daten f\u00fcr Yoast f\u00fcr beide Sprachversionen:\ud83c\udde9\ud83c\uddea Deutsche VersionSEO Title (max. 60 Zeichen)","og_url":"https:\/\/www.proman.at\/en\/proman-meeting-cloud-funktionen-die-ihren-baustellenalltag-einfacher-machen\/","og_site_name":"PROMAN Software GmbH - Software f\u00fcr Projektmanagement","article_modified_time":"2025-12-03T14:59:03+00:00","twitter_card":"summary_large_image","schema":{"@context":"https:\/\/schema.org","@graph":[{"@type":"WebPage","@id":"https:\/\/www.proman.at\/en\/proman-meeting-cloud-funktionen-die-ihren-baustellenalltag-einfacher-machen\/","url":"https:\/\/www.proman.at\/en\/proman-meeting-cloud-funktionen-die-ihren-baustellenalltag-einfacher-machen\/","name":"PROMAN Meeting \u2013 Cloud: Funktionen, die Ihren Baustellenalltag einfacher machen - PROMAN Software GmbH - Software f\u00fcr Projektmanagement","isPartOf":{"@id":"https:\/\/www.proman.at\/en\/#website"},"datePublished":"2025-10-10T09:54:45+00:00","dateModified":"2025-12-03T14:59:03+00:00","description":"Hier die SEO-Daten f\u00fcr Yoast f\u00fcr beide Sprachversionen:\ud83c\udde9\ud83c\uddea Deutsche VersionSEO Title (max. 60 Zeichen)","breadcrumb":{"@id":"https:\/\/www.proman.at\/en\/proman-meeting-cloud-funktionen-die-ihren-baustellenalltag-einfacher-machen\/#breadcrumb"},"inLanguage":"en-US","potentialAction":[{"@type":"ReadAction","target":["https:\/\/www.proman.at\/en\/proman-meeting-cloud-funktionen-die-ihren-baustellenalltag-einfacher-machen\/"]}]},{"@type":"BreadcrumbList","@id":"https:\/\/www.proman.at\/en\/proman-meeting-cloud-funktionen-die-ihren-baustellenalltag-einfacher-machen\/#breadcrumb","itemListElement":[{"@type":"ListItem","position":1,"name":"Home","item":"https:\/\/www.proman.at\/en\/"},{"@type":"ListItem","position":2,"name":"PROMAN Meeting \u2013 Cloud: Funktionen, die Ihren Baustellenalltag einfacher machen"}]},{"@type":"WebSite","@id":"https:\/\/www.proman.at\/en\/#website","url":"https:\/\/www.proman.at\/en\/","name":"PROMAN Software GmbH - Software f\u00fcr Projektmanagement","description":"","publisher":{"@id":"https:\/\/www.proman.at\/en\/#organization"},"potentialAction":[{"@type":"SearchAction","target":{"@type":"EntryPoint","urlTemplate":"https:\/\/www.proman.at\/en\/?s={search_term_string}"},"query-input":{"@type":"PropertyValueSpecification","valueRequired":true,"valueName":"search_term_string"}}],"inLanguage":"en-US"},{"@type":"Organization","@id":"https:\/\/www.proman.at\/en\/#organization","name":"PROMAN Software GmbH - Software f\u00fcr Projektmanagement","url":"https:\/\/www.proman.at\/en\/","logo":{"@type":"ImageObject","inLanguage":"en-US","@id":"https:\/\/www.proman.at\/en\/#\/schema\/logo\/image\/","url":"https:\/\/www.proman.at\/wp-content\/uploads\/2023\/02\/logo.png","contentUrl":"https:\/\/www.proman.at\/wp-content\/uploads\/2023\/02\/logo.png","width":245,"height":226,"caption":"PROMAN Software GmbH - Software f\u00fcr Projektmanagement"},"image":{"@id":"https:\/\/www.proman.at\/en\/#\/schema\/logo\/image\/"}}]}},"_links":{"self":[{"href":"https:\/\/www.proman.at\/en\/wp-json\/wp\/v2\/pages\/25603","targetHints":{"allow":["GET"]}}],"collection":[{"href":"https:\/\/www.proman.at\/en\/wp-json\/wp\/v2\/pages"}],"about":[{"href":"https:\/\/www.proman.at\/en\/wp-json\/wp\/v2\/types\/page"}],"author":[{"embeddable":true,"href":"https:\/\/www.proman.at\/en\/wp-json\/wp\/v2\/users\/1"}],"replies":[{"embeddable":true,"href":"https:\/\/www.proman.at\/en\/wp-json\/wp\/v2\/comments?post=25603"}],"version-history":[{"count":2,"href":"https:\/\/www.proman.at\/en\/wp-json\/wp\/v2\/pages\/25603\/revisions"}],"predecessor-version":[{"id":25605,"href":"https:\/\/www.proman.at\/en\/wp-json\/wp\/v2\/pages\/25603\/revisions\/25605"}],"wp:attachment":[{"href":"https:\/\/www.proman.at\/en\/wp-json\/wp\/v2\/media?parent=25603"}],"curies":[{"name":"wp","href":"https:\/\/api.w.org\/{rel}","templated":true}]}}